{"id":17,"date":"2020-11-16T21:22:29","date_gmt":"2020-11-17T00:22:29","guid":{"rendered":"http:\/\/buscasulfluminense.com\/?page_id=17"},"modified":"2020-11-16T21:50:20","modified_gmt":"2020-11-17T00:50:20","slug":"classificados-2","status":"publish","type":"page","link":"http:\/\/buscasulfluminense.com\/","title":{"rendered":"Elementor #17"},"content":{"rendered":"\t\t<div data-elementor-type=\"wp-page\" data-elementor-id=\"17\" class=\"elementor elementor-17\" data-elementor-settings=\"[]\">\n\t\t\t\t\t\t<div class=\"elementor-inner\">\n\t\t\t\t\t\t\t<div class=\"elementor-section-wrap\">\n\t\t\t\t\t\t\t<section class=\"elementor-section elementor-top-section elementor-element elementor-element-8ee4ad0 elementor-section-boxed elementor-section-height-default elementor-section-height-default\" data-id=\"8ee4ad0\" data-element_type=\"section\">\n\t\t\t\t\t\t<div class=\"elementor-container elementor-column-gap-default\">\n\t\t\t\t\t\t\t<div class=\"elementor-row\">\n\t\t\t\t\t<div class=\"elementor-column elementor-col-100 elementor-top-column elementor-element elementor-element-7cf53be\" data-id=\"7cf53be\" data-element_type=\"column\">\n\t\t\t<div class=\"elementor-column-wrap elementor-element-populated\">\n\t\t\t\t\t\t\t<div class=\"elementor-widget-wrap\">\n\t\t\t\t\t\t<div class=\"elementor-element elementor-element-aa22f8c elementor-widget elementor-widget-image\" data-id=\"aa22f8c\" data-element_type=\"widget\" data-widget_type=\"image.default\">\n\t\t\t\t<div class=\"elementor-widget-container\">\n\t\t\t\t\t<div class=\"elementor-image\">\n\t\t\t\t\t\t\t\t\t\t<img width=\"2050\" height=\"780\" src=\"http:\/\/buscasulfluminense.com\/wp-content\/uploads\/2020\/11\/seu-site-de-busca-do-sul-fluminense.png\" class=\"attachment-full size-full\" alt=\"seu site de busca do sul fluminense\" loading=\"lazy\" srcset=\"http:\/\/buscasulfluminense.com\/wp-content\/uploads\/2020\/11\/seu-site-de-busca-do-sul-fluminense.png 2050w, http:\/\/buscasulfluminense.com\/wp-content\/uploads\/2020\/11\/seu-site-de-busca-do-sul-fluminense-300x114.png 300w, http:\/\/buscasulfluminense.com\/wp-content\/uploads\/2020\/11\/seu-site-de-busca-do-sul-fluminense-1024x390.png 1024w, http:\/\/buscasulfluminense.com\/wp-content\/uploads\/2020\/11\/seu-site-de-busca-do-sul-fluminense-768x292.png 768w, http:\/\/buscasulfluminense.com\/wp-content\/uploads\/2020\/11\/seu-site-de-busca-do-sul-fluminense-1536x584.png 1536w, http:\/\/buscasulfluminense.com\/wp-content\/uploads\/2020\/11\/seu-site-de-busca-do-sul-fluminense-2048x779.png 2048w, http:\/\/buscasulfluminense.com\/wp-content\/uploads\/2020\/11\/seu-site-de-busca-do-sul-fluminense-1200x457.png 1200w, http:\/\/buscasulfluminense.com\/wp-content\/uploads\/2020\/11\/seu-site-de-busca-do-sul-fluminense-1980x753.png 1980w, http:\/\/buscasulfluminense.com\/wp-content\/uploads\/2020\/11\/seu-site-de-busca-do-sul-fluminense-640x244.png 640w\" sizes=\"(max-width: 2050px) 100vw, 2050px\" \/>\t\t\t\t\t\t\t\t\t\t\t<\/div>\n\t\t\t\t<\/div>\n\t\t\t\t<\/div>\n\t\t\t\t<section class=\"elementor-section elementor-inner-section elementor-element elementor-element-95ec316 elementor-section-boxed elementor-section-height-default elementor-section-height-default\" data-id=\"95ec316\" data-element_type=\"section\">\n\t\t\t\t\t\t<div class=\"elementor-container elementor-column-gap-default\">\n\t\t\t\t\t\t\t<div class=\"elementor-row\">\n\t\t\t\t\t<div class=\"elementor-column elementor-col-50 elementor-inner-column elementor-element elementor-element-c9be5ac\" data-id=\"c9be5ac\" data-element_type=\"column\">\n\t\t\t<div class=\"elementor-column-wrap elementor-element-populated\">\n\t\t\t\t\t\t\t<div class=\"elementor-widget-wrap\">\n\t\t\t\t\t\t<div class=\"elementor-element elementor-element-3d07438 elementor-widget elementor-widget-sidebar\" data-id=\"3d07438\" data-element_type=\"widget\" data-widget_type=\"sidebar.default\">\n\t\t\t\t<div class=\"elementor-widget-container\">\n\t\t\t<div class=\"widget widget_categories\"><div class=\"widget-content\"><h2 class=\"widget-title subheading heading-size-3\">Escolha uma op\u00e7\u00e3o<\/h2>\n\t\t\t<ul>\n\t\t\t\t\t<li class=\"cat-item cat-item-1\"><a href=\"http:\/\/buscasulfluminense.com\/index.php\/category\/academias-de-ginastica-e-musculacao\/\" title=\"A\u00a0Gin\u00e1stica\u00a0aer\u00f3bica (conhecida no Brasil como\u00a0Gin\u00e1stica de Academia), em sentido amplo,\u00a0\u00e9 uma\u00a0combina\u00e7\u00e3o de\u00a0gin\u00e1stica\u00a0cl\u00e1ssica com dan\u00e7a.\u00a0\u00c9 um\u00a0treinamento din\u00e2mico com movimentos r\u00edtmicos flanqueado com m\u00fasica motivadora. Elementos principais da\u00a0gin\u00e1stica\u00a0aer\u00f3bica\u00a0s\u00e3o\u00a0coordena\u00e7\u00e3o motora e fitness.\r\nAcademias de Gin\u00e1stica e Muscula\u00e7\u00e3o em Barra Mansa\r\nAcademias de Gin\u00e1stica e Muscula\u00e7\u00e3o em Barra Mansa\r\nAcademia Corpo e Companhia\r\nAv Joaquim Leite, 495\r\nCentro - Barra Mansa - RJ - CEP: 27345-391\r\nTel: (24) 3322-3798\r\n\r\nAcademia do Mel\u00e3o\r\nRua Imprensa, 17\r\nAno Bom - Barra Mansa - RJ - CEP: 27323-010\r\nTel: (24) 3323-3386\r\nActiva Academia\r\nRua Artur Oscar, 173 an 2\r\nVila Nova - Barra Mansa - RJ - CEP: 27321-500\r\nTel: (24) 3326-5582\r\nAra\u00fajo e Almeida Academia de Gin\u00e1stica Ltda ME\r\nRua Pe Norberto Prittwity, 48\r\nMorada Vale - Barra Mansa - RJ - CEP: 27351-710\r\nTel: (24) 3324-8646\r\nBody Fitness\r\nRua Dr M\u00e1rio Ramos, 272 lj 2\r\nCentro - Barra Mansa - RJ - CEP: 27330-000\r\nTel: (24) 3326-0088\r\nCorpo e Mente Academia\r\nRua Aldovandro Oliveira, 18 lj S\r\nAno Bom - Barra Mansa - RJ - CEP: 27323-350\r\nTel: (24) 3323-1085\">Academias de Gin\u00e1stica e Muscula\u00e7\u00e3o<\/a>\n<\/li>\n\t\t\t<\/ul>\n\n\t\t\t<\/div><\/div>\t\t<\/div>\n\t\t\t\t<\/div>\n\t\t\t\t\t\t<\/div>\n\t\t\t\t\t<\/div>\n\t\t<\/div>\n\t\t\t\t<div class=\"elementor-column elementor-col-50 elementor-inner-column elementor-element elementor-element-ccde972\" data-id=\"ccde972\" data-element_type=\"column\">\n\t\t\t<div class=\"elementor-column-wrap\">\n\t\t\t\t\t\t\t<div class=\"elementor-widget-wrap\">\n\t\t\t\t\t\t\t\t<\/div>\n\t\t\t\t\t<\/div>\n\t\t<\/div>\n\t\t\t\t\t\t\t\t<\/div>\n\t\t\t\t\t<\/div>\n\t\t<\/section>\n\t\t\t\t\t\t<\/div>\n\t\t\t\t\t<\/div>\n\t\t<\/div>\n\t\t\t\t\t\t\t\t<\/div>\n\t\t\t\t\t<\/div>\n\t\t<\/section>\n\t\t\t\t\t\t<\/div>\n\t\t\t\t\t\t<\/div>\n\t\t\t\t\t<\/div>\n\t\t","protected":false},"excerpt":{"rendered":"","protected":false},"author":1,"featured_media":0,"parent":0,"menu_order":0,"comment_status":"closed","ping_status":"closed","template":"","meta":[],"yoast_head":"<!-- This site is optimized with the Yoast SEO plugin v15.2.1 - https:\/\/yoast.com\/wordpress\/plugins\/seo\/ -->\n<title>Elementor #17 -<\/title>\n<meta name=\"robots\" content=\"index, follow, max-snippet:-1, max-image-preview:large, max-video-preview:-1\" \/>\n<link rel=\"canonical\" href=\"http:\/\/buscasulfluminense.com\/\" \/>\n<meta property=\"og:locale\" content=\"pt_BR\" \/>\n<meta property=\"og:type\" content=\"article\" \/>\n<meta property=\"og:title\" content=\"Elementor #17 -\" \/>\n<meta property=\"og:url\" content=\"http:\/\/buscasulfluminense.com\/\" \/>\n<meta property=\"article:modified_time\" content=\"2020-11-17T00:50:20+00:00\" \/>\n<meta property=\"og:image\" content=\"http:\/\/buscasulfluminense.com\/wp-content\/uploads\/2020\/11\/seu-site-de-busca-do-sul-fluminense.png\" \/>\n<meta name=\"twitter:card\" content=\"summary_large_image\" \/>\n<meta name=\"twitter:label1\" content=\"Written by\">\n\t<meta name=\"twitter:data1\" content=\"rafaelfmvaz\">\n\t<meta name=\"twitter:label2\" content=\"Est. reading time\">\n\t<meta name=\"twitter:data2\" content=\"0 minuto\">\n<script type=\"application\/ld+json\" class=\"yoast-schema-graph\">{\"@context\":\"https:\/\/schema.org\",\"@graph\":[{\"@type\":\"WebSite\",\"@id\":\"http:\/\/buscasulfluminense.com\/#website\",\"url\":\"http:\/\/buscasulfluminense.com\/\",\"name\":\"\",\"description\":\"\",\"potentialAction\":[{\"@type\":\"SearchAction\",\"target\":\"http:\/\/buscasulfluminense.com\/?s={search_term_string}\",\"query-input\":\"required name=search_term_string\"}],\"inLanguage\":\"pt-BR\"},{\"@type\":\"ImageObject\",\"@id\":\"http:\/\/buscasulfluminense.com\/#primaryimage\",\"inLanguage\":\"pt-BR\",\"url\":\"http:\/\/buscasulfluminense.com\/wp-content\/uploads\/2020\/11\/seu-site-de-busca-do-sul-fluminense.png\",\"width\":2050,\"height\":780,\"caption\":\"seu site de busca do sul fluminense\"},{\"@type\":\"WebPage\",\"@id\":\"http:\/\/buscasulfluminense.com\/#webpage\",\"url\":\"http:\/\/buscasulfluminense.com\/\",\"name\":\"Elementor #17 -\",\"isPartOf\":{\"@id\":\"http:\/\/buscasulfluminense.com\/#website\"},\"primaryImageOfPage\":{\"@id\":\"http:\/\/buscasulfluminense.com\/#primaryimage\"},\"datePublished\":\"2020-11-17T00:22:29+00:00\",\"dateModified\":\"2020-11-17T00:50:20+00:00\",\"inLanguage\":\"pt-BR\",\"potentialAction\":[{\"@type\":\"ReadAction\",\"target\":[\"http:\/\/buscasulfluminense.com\/\"]}]}]}<\/script>\n<!-- \/ Yoast SEO plugin. -->","_links":{"self":[{"href":"http:\/\/buscasulfluminense.com\/index.php\/wp-json\/wp\/v2\/pages\/17"}],"collection":[{"href":"http:\/\/buscasulfluminense.com\/index.php\/wp-json\/wp\/v2\/pages"}],"about":[{"href":"http:\/\/buscasulfluminense.com\/index.php\/wp-json\/wp\/v2\/types\/page"}],"author":[{"embeddable":true,"href":"http:\/\/buscasulfluminense.com\/index.php\/wp-json\/wp\/v2\/users\/1"}],"replies":[{"embeddable":true,"href":"http:\/\/buscasulfluminense.com\/index.php\/wp-json\/wp\/v2\/comments?post=17"}],"version-history":[{"count":13,"href":"http:\/\/buscasulfluminense.com\/index.php\/wp-json\/wp\/v2\/pages\/17\/revisions"}],"predecessor-version":[{"id":50,"href":"http:\/\/buscasulfluminense.com\/index.php\/wp-json\/wp\/v2\/pages\/17\/revisions\/50"}],"wp:attachment":[{"href":"http:\/\/buscasulfluminense.com\/index.php\/wp-json\/wp\/v2\/media?parent=17"}],"curies":[{"name":"wp","href":"https:\/\/api.w.org\/{rel}","templated":true}]}}